{"id":2097,"date":"2025-08-13T07:57:02","date_gmt":"2025-08-13T07:57:02","guid":{"rendered":"https:\/\/woodheart.lv\/product\/style-londona\/"},"modified":"2025-08-13T07:57:02","modified_gmt":"2025-08-13T07:57:02","slug":"style-londona","status":"publish","type":"product","link":"https:\/\/woodheart.lv\/en\/product\/style-londona\/","title":{"rendered":"Style Londona"},"content":{"rendered":"","protected":false},"excerpt":{"rendered":"<p>\u0160eit Tu vari \u0101tri un \u0113rti izveidot savas ide\u0101l\u0101s durvis \u2013 izv\u0113lies izm\u0113ru, dizainu, materi\u0101lus un kr\u0101su, pievieno nepiecie\u0161amos aksesu\u0101rus. Kad konstrukcija gatava, vari nos\u016bt\u012bt pas\u016bt\u012bjuma pied\u0101v\u0101jumu un sa\u0146emt cenu apr\u0113\u0137inu.<\/p>\n","protected":false},"featured_media":2099,"comment_status":"closed","ping_status":"closed","template":"","meta":{"inline_featured_image":false},"product_brand":[],"product_cat":[81,80],"product_tag":[],"class_list":{"0":"post-2097","1":"product","2":"type-product","3":"status-publish","4":"has-post-thumbnail","6":"product_cat-visi","7":"product_cat-durvis","9":"first","10":"instock","11":"shipping-taxable","12":"purchasable","13":"product-type-variable","14":"has-default-attributes"},"yoast_head":"<!-- This site is optimized with the Yoast SEO plugin v26.0 - https:\/\/yoast.com\/wordpress\/plugins\/seo\/ -->\n<title>Style Londona - Woodheart<\/title>\n<meta name=\"robots\" content=\"index, follow, max-snippet:-1, max-image-preview:large, max-video-preview:-1\" \/>\n<link rel=\"canonical\" href=\"https:\/\/woodheart.lv\/en\/product\/style-londona\/\" \/>\n<meta property=\"og:locale\" content=\"en_US\" \/>\n<meta property=\"og:type\" content=\"article\" \/>\n<meta property=\"og:title\" content=\"Style Londona - Woodheart\" \/>\n<meta property=\"og:description\" content=\"\u0160eit Tu vari \u0101tri un \u0113rti izveidot savas ide\u0101l\u0101s durvis \u2013 izv\u0113lies izm\u0113ru, dizainu, materi\u0101lus un kr\u0101su, pievieno nepiecie\u0161amos aksesu\u0101rus. Kad konstrukcija gatava, vari nos\u016bt\u012bt pas\u016bt\u012bjuma pied\u0101v\u0101jumu un sa\u0146emt cenu apr\u0113\u0137inu.\" \/>\n<meta property=\"og:url\" content=\"https:\/\/woodheart.lv\/en\/product\/style-londona\/\" \/>\n<meta property=\"og:site_name\" content=\"Woodheart\" \/>\n<meta name=\"twitter:card\" content=\"summary_large_image\" \/>\n<script type=\"application\/ld+json\" class=\"yoast-schema-graph\">{\"@context\":\"https:\/\/schema.org\",\"@graph\":[{\"@type\":\"WebPage\",\"@id\":\"https:\/\/woodheart.lv\/en\/product\/style-londona\/\",\"url\":\"https:\/\/woodheart.lv\/en\/product\/style-londona\/\",\"name\":\"Style Londona - Woodheart\",\"isPartOf\":{\"@id\":\"https:\/\/woodheart.lv\/#website\"},\"primaryImageOfPage\":{\"@id\":\"https:\/\/woodheart.lv\/en\/product\/style-londona\/#primaryimage\"},\"image\":{\"@id\":\"https:\/\/woodheart.lv\/en\/product\/style-londona\/#primaryimage\"},\"thumbnailUrl\":\"https:\/\/woodheart.lv\/wp-content\/uploads\/2025\/08\/Door_04_White-NCS-S-0500-N.jpg\",\"datePublished\":\"2025-08-13T07:57:02+00:00\",\"breadcrumb\":{\"@id\":\"https:\/\/woodheart.lv\/en\/product\/style-londona\/#breadcrumb\"},\"inLanguage\":\"en-US\",\"potentialAction\":[{\"@type\":\"ReadAction\",\"target\":[\"https:\/\/woodheart.lv\/en\/product\/style-londona\/\"]}]},{\"@type\":\"ImageObject\",\"inLanguage\":\"en-US\",\"@id\":\"https:\/\/woodheart.lv\/en\/product\/style-londona\/#primaryimage\",\"url\":\"https:\/\/woodheart.lv\/wp-content\/uploads\/2025\/08\/Door_04_White-NCS-S-0500-N.jpg\",\"contentUrl\":\"https:\/\/woodheart.lv\/wp-content\/uploads\/2025\/08\/Door_04_White-NCS-S-0500-N.jpg\",\"width\":1760,\"height\":2200},{\"@type\":\"BreadcrumbList\",\"@id\":\"https:\/\/woodheart.lv\/en\/product\/style-londona\/#breadcrumb\",\"itemListElement\":[{\"@type\":\"ListItem\",\"position\":1,\"name\":\"Home\",\"item\":\"https:\/\/woodheart.lv\/\"},{\"@type\":\"ListItem\",\"position\":2,\"name\":\"Shop\",\"item\":\"https:\/\/woodheart.lv\/en\/shop\/\"},{\"@type\":\"ListItem\",\"position\":3,\"name\":\"Style Londona\"}]},{\"@type\":\"WebSite\",\"@id\":\"https:\/\/woodheart.lv\/#website\",\"url\":\"https:\/\/woodheart.lv\/\",\"name\":\"Woodheart\",\"description\":\"Woodheart\",\"potentialAction\":[{\"@type\":\"SearchAction\",\"target\":{\"@type\":\"EntryPoint\",\"urlTemplate\":\"https:\/\/woodheart.lv\/?s={search_term_string}\"},\"query-input\":{\"@type\":\"PropertyValueSpecification\",\"valueRequired\":true,\"valueName\":\"search_term_string\"}}],\"inLanguage\":\"en-US\"}]}<\/script>\n<!-- \/ Yoast SEO plugin. -->","yoast_head_json":{"title":"Style Londona - Woodheart","robots":{"index":"index","follow":"follow","max-snippet":"max-snippet:-1","max-image-preview":"max-image-preview:large","max-video-preview":"max-video-preview:-1"},"canonical":"https:\/\/woodheart.lv\/en\/product\/style-londona\/","og_locale":"en_US","og_type":"article","og_title":"Style Londona - Woodheart","og_description":"\u0160eit Tu vari \u0101tri un \u0113rti izveidot savas ide\u0101l\u0101s durvis \u2013 izv\u0113lies izm\u0113ru, dizainu, materi\u0101lus un kr\u0101su, pievieno nepiecie\u0161amos aksesu\u0101rus. Kad konstrukcija gatava, vari nos\u016bt\u012bt pas\u016bt\u012bjuma pied\u0101v\u0101jumu un sa\u0146emt cenu apr\u0113\u0137inu.","og_url":"https:\/\/woodheart.lv\/en\/product\/style-londona\/","og_site_name":"Woodheart","twitter_card":"summary_large_image","schema":{"@context":"https:\/\/schema.org","@graph":[{"@type":"WebPage","@id":"https:\/\/woodheart.lv\/en\/product\/style-londona\/","url":"https:\/\/woodheart.lv\/en\/product\/style-londona\/","name":"Style Londona - Woodheart","isPartOf":{"@id":"https:\/\/woodheart.lv\/#website"},"primaryImageOfPage":{"@id":"https:\/\/woodheart.lv\/en\/product\/style-londona\/#primaryimage"},"image":{"@id":"https:\/\/woodheart.lv\/en\/product\/style-londona\/#primaryimage"},"thumbnailUrl":"https:\/\/woodheart.lv\/wp-content\/uploads\/2025\/08\/Door_04_White-NCS-S-0500-N.jpg","datePublished":"2025-08-13T07:57:02+00:00","breadcrumb":{"@id":"https:\/\/woodheart.lv\/en\/product\/style-londona\/#breadcrumb"},"inLanguage":"en-US","potentialAction":[{"@type":"ReadAction","target":["https:\/\/woodheart.lv\/en\/product\/style-londona\/"]}]},{"@type":"ImageObject","inLanguage":"en-US","@id":"https:\/\/woodheart.lv\/en\/product\/style-londona\/#primaryimage","url":"https:\/\/woodheart.lv\/wp-content\/uploads\/2025\/08\/Door_04_White-NCS-S-0500-N.jpg","contentUrl":"https:\/\/woodheart.lv\/wp-content\/uploads\/2025\/08\/Door_04_White-NCS-S-0500-N.jpg","width":1760,"height":2200},{"@type":"BreadcrumbList","@id":"https:\/\/woodheart.lv\/en\/product\/style-londona\/#breadcrumb","itemListElement":[{"@type":"ListItem","position":1,"name":"Home","item":"https:\/\/woodheart.lv\/"},{"@type":"ListItem","position":2,"name":"Shop","item":"https:\/\/woodheart.lv\/en\/shop\/"},{"@type":"ListItem","position":3,"name":"Style Londona"}]},{"@type":"WebSite","@id":"https:\/\/woodheart.lv\/#website","url":"https:\/\/woodheart.lv\/","name":"Woodheart","description":"Woodheart","potentialAction":[{"@type":"SearchAction","target":{"@type":"EntryPoint","urlTemplate":"https:\/\/woodheart.lv\/?s={search_term_string}"},"query-input":{"@type":"PropertyValueSpecification","valueRequired":true,"valueName":"search_term_string"}}],"inLanguage":"en-US"}]}},"_links":{"self":[{"href":"https:\/\/woodheart.lv\/en\/wp-json\/wp\/v2\/product\/2097","targetHints":{"allow":["GET"]}}],"collection":[{"href":"https:\/\/woodheart.lv\/en\/wp-json\/wp\/v2\/product"}],"about":[{"href":"https:\/\/woodheart.lv\/en\/wp-json\/wp\/v2\/types\/product"}],"replies":[{"embeddable":true,"href":"https:\/\/woodheart.lv\/en\/wp-json\/wp\/v2\/comments?post=2097"}],"wp:featuredmedia":[{"embeddable":true,"href":"https:\/\/woodheart.lv\/en\/wp-json\/wp\/v2\/media\/2099"}],"wp:attachment":[{"href":"https:\/\/woodheart.lv\/en\/wp-json\/wp\/v2\/media?parent=2097"}],"wp:term":[{"taxonomy":"product_brand","embeddable":true,"href":"https:\/\/woodheart.lv\/en\/wp-json\/wp\/v2\/product_brand?post=2097"},{"taxonomy":"product_cat","embeddable":true,"href":"https:\/\/woodheart.lv\/en\/wp-json\/wp\/v2\/product_cat?post=2097"},{"taxonomy":"product_tag","embeddable":true,"href":"https:\/\/woodheart.lv\/en\/wp-json\/wp\/v2\/product_tag?post=2097"}],"curies":[{"name":"wp","href":"https:\/\/api.w.org\/{rel}","templated":true}]}}